{"id":632,"date":"2022-05-12T16:03:28","date_gmt":"2022-05-12T14:03:28","guid":{"rendered":"https:\/\/zwangsarbeit-in-berlin.de\/de\/?page_id=632"},"modified":"2022-08-22T10:55:39","modified_gmt":"2022-08-22T08:55:39","slug":"geschichtswerkstatt","status":"publish","type":"page","link":"https:\/\/zwangsarbeit-in-berlin.de\/de\/geschichtswerkstatt\/","title":{"rendered":"Berliner Geschichtswerkstatt"},"content":{"rendered":"<figure class=\"wp-block-image size-full\"><img loading=\"lazy\" decoding=\"async\" class=\"alignleft wp-image-1093 size-medium\" src=\"https:\/\/zwangsarbeit-in-berlin.de\/wp-content\/uploads\/2022\/07\/bgw-laden-neu-300x410.jpg\" alt=\"\" width=\"300\" height=\"410\" srcset=\"https:\/\/zwangsarbeit-in-berlin.de\/wp-content\/uploads\/2022\/07\/bgw-laden-neu-300x410.jpg 300w, https:\/\/zwangsarbeit-in-berlin.de\/wp-content\/uploads\/2022\/07\/bgw-laden-neu-748x1024.jpg 748w, https:\/\/zwangsarbeit-in-berlin.de\/wp-content\/uploads\/2022\/07\/bgw-laden-neu-768x1051.jpg 768w, https:\/\/zwangsarbeit-in-berlin.de\/wp-content\/uploads\/2022\/07\/bgw-laden-neu.jpg 915w\" sizes=\"auto, (max-width: 300px) 100vw, 300px\" \/><\/figure>\r\n\r\n<p>&nbsp;<\/p>\r\n\r\n<p>Die Berliner Geschichtswerkstatt forscht, sammelt und publiziert zur Berlin-Geschichte. Sie macht seit 1981 Ausstellungen, F\u00fchrungen und Veranstaltungen. Schwerpunkte sind Nationalsozialismus, Frauengeschichte, Oral History, Biographieforschung, Minderheiten und Alltagsgeschichte.<\/p>\r\n\r\n\r\n\r\n<p>Eine Projektgruppe des gemeinn\u00fctzigen Vereins erforschte die lange \u201evergessenen\u201c Orte der Zwangsarbeit und engagierte sich f\u00fcr Entsch\u00e4digung und Erinnerung.\u00a0 1995 begann die Berliner Geschichtswerkstatt, Erinnerungen ehemaliger Zwangsarbeiterinnen und Zwangsarbeiter systematisch zu sammeln. Lebensgeschichtliche Interviews und Spurensuchen, schriftliche Berichte und Fotografien schufen eine besondere Quellenbasis zur Alltagsgeschichte der Zwangsarbeit \u2013 \u00fcberall in Berlin. Die Zeitzeuginnen und Zeitzeugen erz\u00e4hlen in Interviews und Briefen von Arbeit, Hunger, Gewalt und Bomben, aber auch von Liebe und Freundschaften.<\/p>\r\n\r\n\r\n\r\n<p>Die Sammlung der Berliner Geschichtswerkstatt ist im Dokumentationszentrum NS-Zwangsarbeit Berlin-Sch\u00f6neweide archiviert. Ausz\u00fcge sind nachzulesen in: Zwangsarbeit in Berlin 1940 &#8211; 1945. Erinnerungsberichte aus Polen, der Ukraine und Wei\u00dfru\u00dfland,\u00a0hrsg. v. d. Berliner Geschichtswerkstatt,\u00a0Erfurt 2000.<\/p>\r\n\r\n\r\n\r\n<p>Mit dem Smartphone werden die Erinnerungen jener unfreiwilligen Berlinerinnen und Berliner nun wieder lebendig \u2013 vor Ort auf f\u00fcnf Touren quer durch Berlin. Die Geschichtswerkstatt freut sich \u00fcber Spenden, um weitere Touren erarbeiten zu k\u00f6nnen.<\/p>\r\n\r\n\r\n\r\n<ul class=\"wp-block-list\">\r\n<li><a href=\"http:\/\/www.berliner-geschichtswerkstatt.de\/\">http:\/\/www.berliner-geschichtswerkstatt.de<\/a><\/li>\r\n<\/ul>","protected":false},"excerpt":{"rendered":"<p>&nbsp; Die Berliner Geschichtswerkstatt forscht, sammelt und publiziert zur Berlin-Geschichte. Sie macht seit 1981 Ausstellungen, F\u00fchrungen und Veranstaltungen. Schwerpunkte sind Nationalsozialismus, Frauengeschichte, Oral History, Biographieforschung, Minderheiten und Alltagsgeschichte. Eine Projektgruppe des gemeinn\u00fctzigen Vereins erforschte die lange \u201evergessenen\u201c Orte der Zwangsarbeit und engagierte sich f\u00fcr Entsch\u00e4digung und Erinnerung.\u00a0 1995 begann die Berliner Geschichtswerkstatt, Erinnerungen ehemaliger Zwangsarbeiterinnen [&hellip;]<\/p>\n","protected":false},"author":1,"featured_media":0,"parent":0,"menu_order":0,"comment_status":"closed","ping_status":"closed","template":"","meta":{"footnotes":""},"class_list":["post-632","page","type-page","status-publish","hentry"],"meta_box":{"portrait_img":false,"landscape_img":false},"_links":{"self":[{"href":"https:\/\/zwangsarbeit-in-berlin.de\/de\/wp-json\/wp\/v2\/pages\/632","targetHints":{"allow":["GET"]}}],"collection":[{"href":"https:\/\/zwangsarbeit-in-berlin.de\/de\/wp-json\/wp\/v2\/pages"}],"about":[{"href":"https:\/\/zwangsarbeit-in-berlin.de\/de\/wp-json\/wp\/v2\/types\/page"}],"author":[{"embeddable":true,"href":"https:\/\/zwangsarbeit-in-berlin.de\/de\/wp-json\/wp\/v2\/users\/1"}],"replies":[{"embeddable":true,"href":"https:\/\/zwangsarbeit-in-berlin.de\/de\/wp-json\/wp\/v2\/comments?post=632"}],"version-history":[{"count":25,"href":"https:\/\/zwangsarbeit-in-berlin.de\/de\/wp-json\/wp\/v2\/pages\/632\/revisions"}],"predecessor-version":[{"id":1127,"href":"https:\/\/zwangsarbeit-in-berlin.de\/de\/wp-json\/wp\/v2\/pages\/632\/revisions\/1127"}],"wp:attachment":[{"href":"https:\/\/zwangsarbeit-in-berlin.de\/de\/wp-json\/wp\/v2\/media?parent=632"}],"curies":[{"name":"wp","href":"https:\/\/api.w.org\/{rel}","templated":true}]}}