{"id":628,"date":"2022-05-12T15:56:37","date_gmt":"2022-05-12T13:56:37","guid":{"rendered":"https:\/\/zwangsarbeit-in-berlin.de\/de\/?page_id=628"},"modified":"2022-07-19T14:37:12","modified_gmt":"2022-07-19T12:37:12","slug":"geschichte","status":"publish","type":"page","link":"https:\/\/zwangsarbeit-in-berlin.de\/de\/geschichte\/","title":{"rendered":"Geschichte"},"content":{"rendered":"<figure class=\"wp-block-image size-large wp-image-906\"><img loading=\"lazy\" decoding=\"async\" width=\"1024\" height=\"682\" src=\"https:\/\/zwangsarbeit-in-berlin.de\/wp-content\/uploads\/2022\/06\/35-5-1024x682.jpg\" alt=\"\" class=\"wp-image-906\" srcset=\"https:\/\/zwangsarbeit-in-berlin.de\/wp-content\/uploads\/2022\/06\/35-5-1024x682.jpg 1024w, https:\/\/zwangsarbeit-in-berlin.de\/wp-content\/uploads\/2022\/06\/35-5-300x200.jpg 300w, https:\/\/zwangsarbeit-in-berlin.de\/wp-content\/uploads\/2022\/06\/35-5-768x512.jpg 768w, https:\/\/zwangsarbeit-in-berlin.de\/wp-content\/uploads\/2022\/06\/35-5-1536x1024.jpg 1536w, https:\/\/zwangsarbeit-in-berlin.de\/wp-content\/uploads\/2022\/06\/35-5.jpg 1952w\" sizes=\"auto, (max-width: 1024px) 100vw, 1024px\" \/><figcaption>Berlin 1943. Erinnerungen an die Stadt der Lager. Privatfoto eines tschechischen Zwangsarbeiters (Sammlung Berliner Geschichtswerkstatt)<\/figcaption><\/figure>\n\n\n\n<p>Berlin war nicht nur die Hauptstadt des \u201eDritten Reichs\u201c, sondern auch ein Zentrum der NS-Zwangsarbeit. Eine halbe Million M\u00e4nner, Frauen und Kinder mussten in Berliner Fabriken, Dienststellen und Haushalten arbeiten \u2013 so viele wie in keiner anderen Stadt Europas. Unter ihnen waren \u00fcber 380.000 zivile Arbeitskr\u00e4fte, \u00fcber 70.000 Kriegsgefangene, rund 10.000 KZ-H\u00e4ftlinge und \u2013 bis zu ihrer Deportation \u2013 \u00fcber 20.000 Berliner J\u00fcdinnen und Juden.<\/p>\n\n\n\n<p>Die meisten Zwangsarbeiter*innen arbeiteten in der R\u00fcstungsproduktion, viele aber auch bei Bahn und Post, in Handwerksbetrieben oder Kirchengemeinden. Aus der \u201eVolksgemeinschaft\u201c ausgegrenzt, lebten sie mitten unter den Berlinern in \u00fcber 3.000 Unterk\u00fcnften: Barackenlagern und Gastst\u00e4tten, Schulen und Kohlenkellern.<\/p>\n\n\n\n<p>Polizei, Wehrmacht, Arbeitsamt, Werkschutz und SS unterwarfen die Zwangsarbeiter*innen einer strengen, rassistisch-b\u00fcrokratischen Kontrolle. Nord- und Westeurop\u00e4er*innen standen dabei am oberen, Osteurop\u00e4er*innen und J\u00fcd*innen am unteren Ende der nationalsozialistischen Rassenhierarchie.<\/p>\n\n\n\n<p>Die \u00fcberwiegend jungen Zwangsarbeiter*innen bekamen durch die schwere Arbeit, den Hunger und die schlechte Hygiene h\u00e4ufig Krankheiten, vor allem Tuberkulose und Typhus. Den zunehmenden Bombenangriffen waren sie schutzlos ausgesetzt, da sie oft keine Bunker aufsuchen durften. \u00dcber 10.000 Zwangsarbeiter*innen sind in Berlin begraben.<\/p>\n\n\n\n<p><strong>Zum Weiterlesen:<\/strong><\/p>\n\n\n\n<ul class=\"wp-block-list\"><li>Cord Pagenstecher, Marc Buggeln, Zwangsarbeit, in: Berlin 1933 \u2013 1945, hg. v. Michael Wildt und Christoph Kreutzm\u00fcller, M\u00fcnchen 2013, S. 127-142<\/li><li>Zwangsarbeit in Berlin 1938-1945. Begleitband zur Ausstellung, hg. v. Arbeitskreis Berliner Regionalmuseen, Berlin 2003<\/li><li>Zwangsarbeit in Berlin 1940 &#8211; 1945. Erinnerungsberichte aus Polen, der Ukraine und Wei\u00dfru\u00dfland,&nbsp;hg. v. d. Berliner Geschichtswerkstatt,&nbsp;Erfurt 2000<\/li><\/ul>\n\n\n\n<p><strong>Links:<\/strong><\/p>\n\n\n\n<ul class=\"wp-block-list\"><li><a href=\"http:\/\/www.berliner-geschichtswerkstatt.de\/zwangsarbeit.html\">http:\/\/www.berliner-geschichtswerkstatt.de\/zwangsarbeit.html<\/a><\/li><li><a href=\"https:\/\/www.ns-zwangsarbeit.de\/bibliothek\/recherche\/\">https:\/\/www.ns-zwangsarbeit.de\/bibliothek\/recherche\/<\/a><\/li><\/ul>","protected":false},"excerpt":{"rendered":"<p>Berlin war nicht nur die Hauptstadt des \u201eDritten Reichs\u201c, sondern auch ein Zentrum der NS-Zwangsarbeit. Eine halbe Million M\u00e4nner, Frauen und Kinder mussten in Berliner Fabriken, Dienststellen und Haushalten arbeiten \u2013 so viele wie in keiner anderen Stadt Europas. Unter ihnen waren \u00fcber 380.000 zivile Arbeitskr\u00e4fte, \u00fcber 70.000 Kriegsgefangene, rund 10.000 KZ-H\u00e4ftlinge und \u2013 bis [&hellip;]<\/p>\n","protected":false},"author":1,"featured_media":0,"parent":0,"menu_order":0,"comment_status":"closed","ping_status":"closed","template":"","meta":{"footnotes":""},"class_list":["post-628","page","type-page","status-publish","hentry"],"meta_box":{"portrait_img":false,"landscape_img":false},"_links":{"self":[{"href":"https:\/\/zwangsarbeit-in-berlin.de\/de\/wp-json\/wp\/v2\/pages\/628","targetHints":{"allow":["GET"]}}],"collection":[{"href":"https:\/\/zwangsarbeit-in-berlin.de\/de\/wp-json\/wp\/v2\/pages"}],"about":[{"href":"https:\/\/zwangsarbeit-in-berlin.de\/de\/wp-json\/wp\/v2\/types\/page"}],"author":[{"embeddable":true,"href":"https:\/\/zwangsarbeit-in-berlin.de\/de\/wp-json\/wp\/v2\/users\/1"}],"replies":[{"embeddable":true,"href":"https:\/\/zwangsarbeit-in-berlin.de\/de\/wp-json\/wp\/v2\/comments?post=628"}],"version-history":[{"count":24,"href":"https:\/\/zwangsarbeit-in-berlin.de\/de\/wp-json\/wp\/v2\/pages\/628\/revisions"}],"predecessor-version":[{"id":1106,"href":"https:\/\/zwangsarbeit-in-berlin.de\/de\/wp-json\/wp\/v2\/pages\/628\/revisions\/1106"}],"wp:attachment":[{"href":"https:\/\/zwangsarbeit-in-berlin.de\/de\/wp-json\/wp\/v2\/media?parent=628"}],"curies":[{"name":"wp","href":"https:\/\/api.w.org\/{rel}","templated":true}]}}