{"id":626,"date":"2022-05-12T15:52:45","date_gmt":"2022-05-12T13:52:45","guid":{"rendered":"https:\/\/zwangsarbeit-in-berlin.de\/de\/?page_id=626"},"modified":"2022-08-31T07:38:22","modified_gmt":"2022-08-31T05:38:22","slug":"hilfe","status":"publish","type":"page","link":"https:\/\/zwangsarbeit-in-berlin.de\/de\/hilfe\/","title":{"rendered":"Hilfe"},"content":{"rendered":"<p>Die App bietet f\u00fcnf Touren an: drei Rundg\u00e4nge zu Fu\u00df, eine Fahrradtour und eine Tour mit der S-Bahn. Jede Tour besteht aus Stationen, die \u00fcber Liste oder Karte aufgerufen werden. Der Standort einer Station wird \u00fcber dem aktuellen Bild beschrieben. An jeder Station sprechen Zeitzeug*innen \u00fcber ihre Erfahrungen. Dokumente, Bilder und ein Hintergrundtext geben weitere Informationen.<\/p>\n<p>Wie geht es?<\/p>\n<ul>\n<li>\u00dcber \u201eTouren\u201c oder Karte eine Tour ausw\u00e4hlen.<\/li>\n<li>\u00dcber Karte oder Liste der Stationen eine Station ausw\u00e4hlen.<\/li>\n<li>Mit Karte, Ortsbeschreibung und aktuellem Bild den genauen Standort der Station finden. Eventuell auch Adresse und Anfahrt (n\u00e4chster U-\/S-Bahnhof) nutzen.<\/li>\n<li>Zeitzeug*innenberichte anh\u00f6ren und und Dokumente ansehen (Audio, Video, Galerie).<\/li>\n<li>Hintergrundtext zu dieser Station lesen (oder vom Ger\u00e4t vorlesen lassen).<\/li>\n<li>\u00dcber \u201eBiografie\u201c mehr zu den geh\u00f6rten Zeitzeug*innen erfahren.<\/li>\n<li>\u00dcber \u201eGeschichte\u201c mehr zur nationalsozialistischen Zwangsarbeit in Berlin erfahren.<\/li>\n<li>\u00dcber \u201eBerliner Geschichtswerkstatt\u201c weitere Informationen bekommen.<\/li>\n<li>Feedback geben an app@zwangsarbeit-in-berlin.de<\/li>\n<li>Die App weiter empfehlen.<\/li>\n<\/ul>\n<p><\/p>","protected":false},"excerpt":{"rendered":"<p>Die App bietet f\u00fcnf Touren an: drei Rundg\u00e4nge zu Fu\u00df, eine Fahrradtour und eine Tour mit der S-Bahn. Jede Tour besteht aus Stationen, die \u00fcber Liste oder Karte aufgerufen werden. Der Standort einer Station wird \u00fcber dem aktuellen Bild beschrieben. An jeder Station sprechen Zeitzeug*innen \u00fcber ihre Erfahrungen. Dokumente, Bilder und ein Hintergrundtext geben weitere [&hellip;]<\/p>\n","protected":false},"author":1,"featured_media":0,"parent":0,"menu_order":0,"comment_status":"closed","ping_status":"closed","template":"","meta":{"footnotes":""},"class_list":["post-626","page","type-page","status-publish","hentry"],"meta_box":{"portrait_img":false,"landscape_img":false},"_links":{"self":[{"href":"https:\/\/zwangsarbeit-in-berlin.de\/de\/wp-json\/wp\/v2\/pages\/626","targetHints":{"allow":["GET"]}}],"collection":[{"href":"https:\/\/zwangsarbeit-in-berlin.de\/de\/wp-json\/wp\/v2\/pages"}],"about":[{"href":"https:\/\/zwangsarbeit-in-berlin.de\/de\/wp-json\/wp\/v2\/types\/page"}],"author":[{"embeddable":true,"href":"https:\/\/zwangsarbeit-in-berlin.de\/de\/wp-json\/wp\/v2\/users\/1"}],"replies":[{"embeddable":true,"href":"https:\/\/zwangsarbeit-in-berlin.de\/de\/wp-json\/wp\/v2\/comments?post=626"}],"version-history":[{"count":6,"href":"https:\/\/zwangsarbeit-in-berlin.de\/de\/wp-json\/wp\/v2\/pages\/626\/revisions"}],"predecessor-version":[{"id":1139,"href":"https:\/\/zwangsarbeit-in-berlin.de\/de\/wp-json\/wp\/v2\/pages\/626\/revisions\/1139"}],"wp:attachment":[{"href":"https:\/\/zwangsarbeit-in-berlin.de\/de\/wp-json\/wp\/v2\/media?parent=626"}],"curies":[{"name":"wp","href":"https:\/\/api.w.org\/{rel}","templated":true}]}}