{"id":3,"date":"2022-04-12T12:19:52","date_gmt":"2022-04-12T10:19:52","guid":{"rendered":"https:\/\/zwangsarbeit-in-berlin.de\/?page_id=3"},"modified":"2022-08-23T18:00:26","modified_gmt":"2022-08-23T16:00:26","slug":"datenschutzerklaerung","status":"publish","type":"page","link":"https:\/\/zwangsarbeit-in-berlin.de\/de\/datenschutzerklaerung\/","title":{"rendered":"Datenschutzerkl\u00e4rung"},"content":{"rendered":"<p>In dieser Web-basierten Anwendung verarbeiten wir, die Berliner Geschichtswerkstatt (<a href=\"https:\/\/zwangsarbeit-in-berlin.de\/de\/impressum\/\" data-type=\"page\" data-id=\"630\">Impressum<\/a>), personenbezogene Daten der Besucher*innen gem\u00e4\u00df&nbsp;Art. 6 Abs. 1 lit. f. der&nbsp;<a rel=\"noreferrer noopener\" href=\"http:\/\/eur-lex.europa.eu\/legal-content\/DE\/TXT\/?uri=uriserv:OJ.L_.2016.119.01.0001.01.DEU&amp;toc=OJ:L:2016:119:FULL\" target=\"_blank\">EU-Datenschutzgrundverordnung<\/a>&nbsp;(DSGVO), und zwar nur soweit dies zur Bereitstellung einer funktionsf\u00e4higen Website, ihrer Inhalte und Leistungen erforderlich ist.<\/p>\n\n\n\n<h3 class=\"wp-block-heading\">Log-Dateien<\/h3>\n\n\n\n<p>Beim Aufruf einer jeden Website \u2013 nicht nur dieser \u2013 werden vom Browser automatisch Daten an den Webserver \u00fcbermittelt: IP-Adresse,&nbsp;\u00fcbertragene Datenmenge, Status des Abrufs,&nbsp;Referer (verweisende Adresse), Datum und Uhrzeit, Sprache, Betriebsystem, Name und Version des Browsers. Diese Angaben werden in eine Logdatei geschrieben. Die Speicherung dient der Betriebs-Sicherheit sowie der t\u00e4glichen Generierung einer Abrufstatistik mit der Statistik-Software Webalizer. Log-Dateien werden nach sieben Tagen gel\u00f6scht, es sei denn, eine l\u00e4ngere&nbsp;Aufbewahrung ist zur Verfolgung von Angriffen und St\u00f6rungen gerechtfertigt.<\/p>\n\n\n\n<h3 class=\"wp-block-heading\">Cookies<\/h3>\n\n\n\n<p>Wir nutzen keine Cookies. Besucher*innen m\u00fcssen sich nicht anmelden, um unsere Website zu nutzen.<\/p>\n\n\n\n<h3 class=\"wp-block-heading\">Inhalte von Dritten<\/h3>\n\n\n\n<p>Wir teilen Ihre Daten nicht mit Dritten. Wir binden keine Drittanbieter-Dienste (wie Google Analytics, Ad-Server von Werbeanbietern oder Social-Media-Buttons) ein &#8211; mit einer Ausnahme: Openstreetmap (mehr dazu im folgenden Absatz). S\u00e4mtliche Inhalte und Ressourcen werden auf unserem Webspace in Deutschland gehostet und \u00fcber eine gesicherte Verbindung zwischen Webserver und Browser \u00fcbertragen. Unser Provider all-inkl hat sich ebenfalls zur Einhaltung der DSGVO verpflichtet.<\/p>\n\n\n\n<h3 class=\"wp-block-heading\">Openstreetmap<\/h3>\n\n\n\n<p>Um unsere Touren und deren Orte darzustellen, betten wir Karten von Openstreetmap ein. Dies ist ein kollaboratives Kartographie-Projekt unter dem Schirm der <a href=\"https:\/\/wiki.osmfoundation.org\/wiki\/Main_Page\">Openstreetmap Foundation<\/a> in Gro\u00dfbritannien. Um eine Karte darzustellen, sind ein oder mehrere Abfragen bei deren Karten-Server notwendig. Bei jeder Abfrage werden vom Browser die gleichen Daten \u00fcbertragen wie unter &#8222;Log-Darteien&#8220; aufgef\u00fchrt.<\/p>\n\n\n\n<h3 class=\"wp-block-heading\">Schlussbemerkung<\/h3>\n\n\n\n<p>Sofern \u00c4nderungen der auf unserer Website durchgef\u00fchrten Datenverarbeitung oder R\u00fcckmeldungen von Nutzer*innen dies erforderlich machen, werde wir unsere Datenschutz-Erkl\u00e4rung anpassen. Bitte informieren Sie sich deshalb regelm\u00e4\u00dfig auf dieser Seite \u00fcber den Inhalt.<\/p>\n\n\n\n<p><em>Stand: 22. Juli 2022<\/em><\/p>","protected":false},"excerpt":{"rendered":"<p>In dieser Web-basierten Anwendung verarbeiten wir, die Berliner Geschichtswerkstatt (Impressum), personenbezogene Daten der Besucher*innen gem\u00e4\u00df&nbsp;Art. 6 Abs. 1 lit. f. der&nbsp;EU-Datenschutzgrundverordnung&nbsp;(DSGVO), und zwar nur soweit dies zur Bereitstellung einer funktionsf\u00e4higen Website, ihrer Inhalte und Leistungen erforderlich ist. Log-Dateien Beim Aufruf einer jeden Website \u2013 nicht nur dieser \u2013 werden vom Browser automatisch Daten an den [&hellip;]<\/p>\n","protected":false},"author":1,"featured_media":0,"parent":0,"menu_order":0,"comment_status":"closed","ping_status":"open","template":"","meta":{"footnotes":""},"class_list":["post-3","page","type-page","status-publish","hentry"],"meta_box":{"portrait_img":false,"landscape_img":false},"_links":{"self":[{"href":"https:\/\/zwangsarbeit-in-berlin.de\/de\/wp-json\/wp\/v2\/pages\/3","targetHints":{"allow":["GET"]}}],"collection":[{"href":"https:\/\/zwangsarbeit-in-berlin.de\/de\/wp-json\/wp\/v2\/pages"}],"about":[{"href":"https:\/\/zwangsarbeit-in-berlin.de\/de\/wp-json\/wp\/v2\/types\/page"}],"author":[{"embeddable":true,"href":"https:\/\/zwangsarbeit-in-berlin.de\/de\/wp-json\/wp\/v2\/users\/1"}],"replies":[{"embeddable":true,"href":"https:\/\/zwangsarbeit-in-berlin.de\/de\/wp-json\/wp\/v2\/comments?post=3"}],"version-history":[{"count":8,"href":"https:\/\/zwangsarbeit-in-berlin.de\/de\/wp-json\/wp\/v2\/pages\/3\/revisions"}],"predecessor-version":[{"id":1135,"href":"https:\/\/zwangsarbeit-in-berlin.de\/de\/wp-json\/wp\/v2\/pages\/3\/revisions\/1135"}],"wp:attachment":[{"href":"https:\/\/zwangsarbeit-in-berlin.de\/de\/wp-json\/wp\/v2\/media?parent=3"}],"curies":[{"name":"wp","href":"https:\/\/api.w.org\/{rel}","templated":true}]}}